{"id":53,"date":"2018-11-17T17:55:41","date_gmt":"2018-11-17T19:55:41","guid":{"rendered":"http:\/\/luizadaiola.com\/?page_id=53"},"modified":"2021-06-07T11:37:02","modified_gmt":"2021-06-07T14:37:02","slug":"inicio","status":"publish","type":"page","link":"https:\/\/luizadaiola.com\/","title":{"rendered":"IN\u00cdCIO"},"content":{"rendered":"<div id=\"pl-53\"  class=\"panel-layout\" ><div id=\"pg-53-0\"  class=\"panel-grid panel-has-style\" ><div class=\"siteorigin-panels-stretch panel-row-style panel-row-style-for-53-0\" style=\"padding: 100px 0; \" id=\"bio\" data-stretch-type=\"full\" data-overlay=\"true\" data-overlay-color=\"#000000\" ><div id=\"pgc-53-0-0\"  class=\"panel-grid-cell\" ><div id=\"panel-53-0-0-0\" class=\"so-panel widget widget_sow-editor panel-first-child panel-last-child\" data-index=\"0\" ><div style=\"text-align: left;\" data-title-color=\"#443f3f\" data-headings-color=\"#443f3f\" class=\"panel-widget-style panel-widget-style-for-53-0-0-0\" ><div\n\t\t\t\n\t\t\tclass=\"so-widget-sow-editor so-widget-sow-editor-base\"\n\t\t\t\n\t\t><h3 class=\"widget-title\">Luiza da Iola<\/h3>\n<div class=\"siteorigin-widget-tinymce textwidget\">\n\t<p style=\"text-align: center;\">Corpa-encruzilhada no mundo sou eu, sobrevivente na Terra das Palmeiras, origin\u00e1ria do Pa\u00eds dos Catagu\u00e1s, nascida e criada em Tupanuara. Tal qual \u00e1rvore gemelada, no entroncamento com a for\u00e7a geradora de L\u00facia Maria de Oliveira, sou Luiza a \"Guerreira\", filha da coragem. Na encruza com a for\u00e7a criadora de Elvira de Oliveira, sou da Iola o \u201dAlvorecer Violeta\u201d, filha da generosidade. Na Picada de Goi\u00e1s sou a semente germinada de Rei Ambr\u00f3sio, a remanesc\u00eancia do Quilombo Campo Grande e o fruto de Ventura Mina. Rainha Perp\u00e9tua de Nossa Senhora do Ros\u00e1rio nessas minas Bantu- kongo, sou a guardi\u00e3 dos sonhos das minhas av\u00f3s, bisav\u00f3s, tatarav\u00f3s e de todas as mulheres que vieram antes de mim. \u00a0Feito Aya, sou o resultado das b\u00ean\u00e7\u00e3os de tantas pretas velhas que me impuseram as m\u00e3os, me coseram os p\u00e9s, me curaram o aguamento, o quebranto, o vento virado e a espinhela ca\u00edda. Sou esse ponto de encontro, desencontro e reencontro. Sou esses questionamentos cont\u00ednuos sobre quem realmente sou, quem penso ser ou que dei de ser. De onde vim, a que vim e para onde vou. Sou essa vers\u00e3o inacabada, retocada dia a dia na forja do bom car\u00e1ter, onde firmo o meu fundamento, meu mandamento e meu sacramento. Sou esse esp\u00edrito de muitas luas hospedado nesse corpo-presente na mat\u00e9ria, dan\u00e7ando com tudo e com todos em volta do Mist\u00e9rio.<\/p>\n<p>&nbsp;<\/p>\n<p style=\"text-align: center;\"><iframe src=\"https:\/\/w.soundcloud.com\/player\/?url=https%3A\/\/api.soundcloud.com\/tracks\/1062969706&amp;color=%23db0303&amp;auto_play=false&amp;hide_related=false&amp;show_comments=true&amp;show_user=true&amp;show_reposts=false&amp;show_teaser=true\" width=\"100%\" height=\"166\" frameborder=\"no\" scrolling=\"no\"><\/iframe><\/p>\n<div style=\"font-size: 10px; color: #cccccc; line-break: anywhere; word-break: normal; overflow: hidden; white-space: nowrap; text-overflow: ellipsis; font-family: Interstate, 'Lucida Grande', 'Lucida Sans Unicode', 'Lucida Sans', Garuda, Verdana, Tahoma, sans-serif; font-weight: 100; text-align: center;\"><a style=\"color: #cccccc; text-decoration: none;\" title=\"LUIZA DA IOLA\" href=\"https:\/\/soundcloud.com\/luizadaiola\" target=\"_blank\" rel=\"noopener\">LUIZA DA IOLA<\/a> \u00b7 <a style=\"color: #cccccc; text-decoration: none;\" title=\"\u00c1udio Biogr\u00e1fico\" href=\"https:\/\/soundcloud.com\/luizadaiola\/audio-biografico\" target=\"_blank\" rel=\"noopener\">\u00c1udio Biogr\u00e1fico<\/a><\/div>\n<\/div>\n<\/div><\/div><\/div><\/div><\/div><\/div><div id=\"pg-53-1\"  class=\"panel-grid panel-has-style\" ><div class=\"siteorigin-panels-stretch panel-row-style panel-row-style-for-53-1\" style=\"background-image: url(https:\/\/luizadaiola.com\/wp-content\/uploads\/2018\/11\/background-2-e1619635760223.png);padding: 100px 0; \" id=\"contato\" data-stretch-type=\"full\" data-hasbg=\"hasbg\" data-overlay=\"true\" data-overlay-color=\"#000000\" ><div id=\"pgc-53-1-0\"  class=\"panel-grid-cell panel-grid-cell-empty\" ><\/div><div id=\"pgc-53-1-1\"  class=\"panel-grid-cell\" ><div id=\"panel-53-1-1-0\" class=\"so-panel widget widget_sow-editor panel-first-child panel-last-child\" data-index=\"1\" ><div style=\"text-align: left;\" data-title-color=\"#443f3f\" data-headings-color=\"#443f3f\" class=\"panel-widget-style panel-widget-style-for-53-1-1-0\" ><div\n\t\t\t\n\t\t\tclass=\"so-widget-sow-editor so-widget-sow-editor-base\"\n\t\t\t\n\t\t><h3 class=\"widget-title\">CONTATO<\/h3>\n<div class=\"siteorigin-widget-tinymce textwidget\">\n\t<p style=\"text-align: center;\">\n<div class=\"wpcf7 no-js\" id=\"wpcf7-f44-o1\" lang=\"pt-BR\" dir=\"ltr\" data-wpcf7-id=\"44\">\n<div class=\"screen-reader-response\"><p role=\"status\" aria-live=\"polite\" aria-atomic=\"true\"><\/p> <ul><\/ul><\/div>\n<form action=\"\/index.php\/wp-json\/wp\/v2\/pages\/53#wpcf7-f44-o1\" method=\"post\" class=\"wpcf7-form init\" aria-label=\"Formul\u00e1rios de contato\" novalidate=\"novalidate\" data-status=\"init\">\n<fieldset class=\"hidden-fields-container\"><input type=\"hidden\" name=\"_wpcf7\" value=\"44\" \/><input type=\"hidden\" name=\"_wpcf7_version\" value=\"6.1.5\" \/><input type=\"hidden\" name=\"_wpcf7_locale\" value=\"pt_BR\" \/><input type=\"hidden\" name=\"_wpcf7_unit_tag\" value=\"wpcf7-f44-o1\" \/><input type=\"hidden\" name=\"_wpcf7_container_post\" value=\"0\" \/><input type=\"hidden\" name=\"_wpcf7_posted_data_hash\" value=\"\" \/>\n<\/fieldset>\n<p><label> Seu nome (obrigat\u00f3rio)<br \/>\n<span class=\"wpcf7-form-control-wrap\" data-name=\"your-name\"><input size=\"40\" maxlength=\"400\" class=\"wpcf7-form-control wpcf7-text wpcf7-validates-as-required\" aria-required=\"true\" aria-invalid=\"false\" value=\"\" type=\"text\" name=\"your-name\" \/><\/span> <\/label>\n<\/p>\n<p><label> Seu e-mail (obrigat\u00f3rio)<br \/>\n<span class=\"wpcf7-form-control-wrap\" data-name=\"your-email\"><input size=\"40\" maxlength=\"400\" class=\"wpcf7-form-control wpcf7-email wpcf7-validates-as-required wpcf7-text wpcf7-validates-as-email\" aria-required=\"true\" aria-invalid=\"false\" value=\"\" type=\"email\" name=\"your-email\" \/><\/span> <\/label>\n<\/p>\n<p><label> Assunto<br \/>\n<span class=\"wpcf7-form-control-wrap\" data-name=\"your-subject\"><input size=\"40\" maxlength=\"400\" class=\"wpcf7-form-control wpcf7-text\" aria-invalid=\"false\" value=\"\" type=\"text\" name=\"your-subject\" \/><\/span> <\/label>\n<\/p>\n<p><label> Sua mensagem<br \/>\n<span class=\"wpcf7-form-control-wrap\" data-name=\"your-message\"><textarea cols=\"40\" rows=\"10\" maxlength=\"2000\" class=\"wpcf7-form-control wpcf7-textarea\" aria-invalid=\"false\" name=\"your-message\"><\/textarea><\/span> <\/label>\n<\/p>\n<p><input class=\"wpcf7-form-control wpcf7-submit has-spinner\" type=\"submit\" value=\"Enviar\" \/>\n<\/p><div class=\"wpcf7-response-output\" aria-hidden=\"true\"><\/div>\n<\/form>\n<\/div>\n<\/p>\n<\/div>\n<\/div><\/div><\/div><\/div><div id=\"pgc-53-1-2\"  class=\"panel-grid-cell\" ><div id=\"panel-53-1-2-0\" class=\"so-panel widget widget_sow-editor panel-first-child panel-last-child\" data-index=\"2\" ><div style=\"text-align: left;\" data-title-color=\"#443f3f\" data-headings-color=\"#443f3f\" class=\"panel-widget-style panel-widget-style-for-53-1-2-0\" ><div\n\t\t\t\n\t\t\tclass=\"so-widget-sow-editor so-widget-sow-editor-base\"\n\t\t\t\n\t\t><h3 class=\"widget-title\">REDES<\/h3>\n<div class=\"siteorigin-widget-tinymce textwidget\">\n\t<p style=\"text-align: center;\"><a href=\"https:\/\/open.spotify.com\/artist\/7BxSSCDBw08VjKIF35cp4C\"><img decoding=\"async\" class=\"alignnone wp-image-304\" src=\"http:\/\/luizadaiola.com\/wp-content\/uploads\/2021\/04\/spotfy.png\" alt=\"\" width=\"30\" height=\"30\" srcset=\"https:\/\/luizadaiola.com\/wp-content\/uploads\/2021\/04\/spotfy.png 251w, https:\/\/luizadaiola.com\/wp-content\/uploads\/2021\/04\/spotfy-150x150.png 150w, https:\/\/luizadaiola.com\/wp-content\/uploads\/2021\/04\/spotfy-230x230.png 230w\" sizes=\"(max-width: 30px) 100vw, 30px\" \/><\/a><\/p>\n<p style=\"text-align: center;\"><a href=\"https:\/\/www.youtube.com\/c\/LUIZADAIOLA\/\" target=\"_blank\" rel=\"noopener\"><img decoding=\"async\" class=\"alignnone wp-image-120\" title=\"Youtube\" src=\"http:\/\/luizadaiola.com\/wp-content\/uploads\/2018\/11\/youtube.png\" alt=\"\" width=\"30\" height=\"30\" \/><\/a><\/p>\n<p style=\"text-align: center;\"><a href=\"https:\/\/www.facebook.com\/luizadaiola\/\" target=\"_blank\" rel=\"noopener\"><img decoding=\"async\" class=\"alignnone wp-image-115\" title=\"Facebook\" src=\"http:\/\/luizadaiola.com\/wp-content\/uploads\/2018\/11\/facebook-square.png\" alt=\"\" width=\"30\" height=\"30\" \/><\/a><\/p>\n<p style=\"text-align: center;\"><a href=\"https:\/\/www.instagram.com\/luizadaiola\/\" target=\"_blank\" rel=\"noopener\"><img decoding=\"async\" class=\"alignnone wp-image-138\" title=\"Instagram\" src=\"http:\/\/luizadaiola.com\/wp-content\/uploads\/2018\/11\/instagram.png\" alt=\"\" width=\"30\" height=\"30\" \/><\/a><\/p>\n<div id=\"gtx-trans\" style=\"position: absolute; left: 376px; top: 250px;\">\n<div class=\"gtx-trans-icon\"><\/div>\n<\/div>\n<\/div>\n<\/div><\/div><\/div><\/div><\/div><\/div><\/div>","protected":false},"excerpt":{"rendered":"<p>Corpa-encruzilhada no mundo sou eu, sobrevivente na Terra das Palmeiras, origin\u00e1ria do Pa\u00eds dos Catagu\u00e1s, nascida e criada em Tupanuara. Tal qual [&hellip;]<\/p>\n","protected":false},"author":1,"featured_media":0,"parent":0,"menu_order":0,"comment_status":"closed","ping_status":"closed","template":"page-templates\/page_front-page.php","meta":{"ngg_post_thumbnail":0,"footnotes":""},"class_list":["post-53","page","type-page","status-publish","hentry"],"_links":{"self":[{"href":"https:\/\/luizadaiola.com\/index.php\/wp-json\/wp\/v2\/pages\/53","targetHints":{"allow":["GET"]}}],"collection":[{"href":"https:\/\/luizadaiola.com\/index.php\/wp-json\/wp\/v2\/pages"}],"about":[{"href":"https:\/\/luizadaiola.com\/index.php\/wp-json\/wp\/v2\/types\/page"}],"author":[{"embeddable":true,"href":"https:\/\/luizadaiola.com\/index.php\/wp-json\/wp\/v2\/users\/1"}],"replies":[{"embeddable":true,"href":"https:\/\/luizadaiola.com\/index.php\/wp-json\/wp\/v2\/comments?post=53"}],"version-history":[{"count":166,"href":"https:\/\/luizadaiola.com\/index.php\/wp-json\/wp\/v2\/pages\/53\/revisions"}],"predecessor-version":[{"id":336,"href":"https:\/\/luizadaiola.com\/index.php\/wp-json\/wp\/v2\/pages\/53\/revisions\/336"}],"wp:attachment":[{"href":"https:\/\/luizadaiola.com\/index.php\/wp-json\/wp\/v2\/media?parent=53"}],"curies":[{"name":"wp","href":"https:\/\/api.w.org\/{rel}","templated":true}]}}